{"id":2539,"date":"2014-02-11T17:06:02","date_gmt":"2014-02-11T17:06:02","guid":{"rendered":"http:\/\/www.citeaux.org\/?page_id=2539"},"modified":"2014-04-06T15:16:20","modified_gmt":"2014-04-06T15:16:20","slug":"vies-et-legendes-de-saint-bernard-de-clairvaux-d","status":"publish","type":"page","link":"http:\/\/www.citeaux.org\/de\/vies-et-legendes-de-saint-bernard-de-clairvaux-d\/","title":{"rendered":"Vies et l\u00e9gendes de Saint Bernard de Clairvaux"},"content":{"rendered":"<div id=\"column1-wrap\">\n<div id=\"column1\">\n<p>TEXTES ET DOCUMENTS VOL V<\/p>\n<p><strong>Patrick ARABEYRE, Jacques BERLIOZ et Philippe POIRRIER (\u00e9ds.)<\/strong><\/p>\n<p><em>Vies et l\u00e9gendes de Saint Bernard de Clairvaux. Cr\u00e9ation, diffusion, r\u00e9ception (XIIe-XXe si\u00e8cles).<\/em><\/p>\n<p><em> Actes des Rencontres de Dijon, 7-8 juin 1991<\/em><\/p>\n<p>1993, 24 cm<\/p>\n<p><strong>Table des mati\u00e8res<\/strong><\/p>\n<p>Avant-propos par J.-F. Holthof<\/p>\n<p>A.-M. PIAZONNI, <em>Le premier biographe de saint Bernard, Guillaume de Saint-Thierry. La premi\u00e8re partie de la <\/em>Vita Prima<em> comme oeuvre th\u00e9ologique et spirituelle.<\/em><br \/>\nJ. PAUL, <em>Les d\u00e9buts de Clairvaux. Histoire et th\u00e9ologie<\/em><br \/>\nA. PICARD et P. BOGLIONI, <em>Miracle et thaumaturgie dans la vie de saint Bernard<\/em><br \/>\nB. P. McGUIRE, <em>La pr\u00e9sence de saint Bernard dans l&#8217;<\/em>Exordium Magnum Cisterciense<br \/>\nA. BOUREAU, <em>Saint Bernard dans les l\u00e9gendiers dominicains au XIIIe si\u00e8cle<\/em><br \/>\nS. BLEDNIAK. <em>L&#8217;hagiographie de saint Bernard au XVIe si\u00e8cle<\/em><br \/>\nJ. BERLIOZ, M.-A. POLO DE BEAULIEU, C. RIBAUCOURT. <em>Saint Bernard dans les exempla (XIIIe-XVe si\u00e8cles)<\/em><br \/>\nA. GUERREAU, <em>Quelques remarques statistiques sur le corpus des exempla bernardiniens<\/em><br \/>\nF. J. LIMA GARDON, <em>Un des premiers miracles bernardins, le songe de la Nativit\u00e9 sur un bas-relief du monast\u00e8re d&#8217;Osera (Orense, Galia)<\/em><br \/>\nC. DUPEUX,<em> Saint Bernard dans l&#8217;iconographie m\u00e9di\u00e9vale: l&#8217;exemple de la lactation<\/em><br \/>\nP. ARABEYRE, <em>La lactation de saint Bernard (Chatillon-sur-Seine): donn\u00e9es et probl\u00e8mes<\/em><br \/>\nJ. VERGER, <em>Saint Bernard et les scolastiques<\/em><br \/>\nJ. BERLIOZ, <em>Saint Bernard dans la litt\u00e9rature satirique, de l&#8217;<\/em>Ysengrimus <em>aux<\/em> Balivernes des courtisans <em>de Gautier Map (XIIe-XIIIe si\u00e8cles)<\/em><br \/>\nR. M. DESSI et M. LAMY,<em> Saint Bernard et les controverses mariales au Moyen Age<\/em><br \/>\nM. PAULMIER-FOUCART, <em>Bernard de Clairvaux dans trois chroniques universelles fran\u00e7aises du XIIIe si\u00e8cle<\/em><br \/>\nM. du POUGET, <em>La place de saint Bernard de Clairvaux dans l&#8217;historiographie de l&#8217;abbaye de Saint-Denis \u00e0 la fin du Moyen Age<\/em><br \/>\nM.-\u00c9. HENNEAU, <em>Bernard de Clairvaux, du classicisme aux Lumi\u00e8res: image d&#8217;un homme, destin d&#8217;une oeuvre<\/em><br \/>\nB. PLONGERON, <em>Lumi\u00e8res contre \u00e9pop\u00e9e mystique: les lectures de saint Bernard au XXe si\u00e8cle<\/em><br \/>\nCh. AMALVI, <em>Saint Bernard de Clairvaux mod\u00e8le des saints, \u00e0 l&#8217;\u00e9cole et au foyer : de la chute de la monarchie \u00e0 la chute de la IIIe R\u00e9publique, 1792-1940<\/em><br \/>\nPh. POIRRIER, <em>Saint Bernard : enjeu id\u00e9ologique et politique ? Deux si\u00e8cles de comm\u00e9morations \u00e0 Dijon (XIXe-XXe si\u00e8cles)<\/em><br \/>\nM. ALBARIC, <em>Saint Bernard dans l&#8217;imageri de pi\u00e9t\u00e9, XIXe-XXe si\u00e8cles<\/em><\/p>\n<p>Conclusion par Jean RICHARD, de l&#8217;Institut<\/p>\n<p>R\u00e9sum\u00e9s, Abstracts, ZuzammenfassungIndex<\/p>\n<p>Table des manuscrits cit\u00e9s<\/p>\n<\/div>\n<\/div>\n<div id=\"column2\">\n<a href=\"http:\/\/www.citeaux.org\/wp-content\/uploads\/2013\/11\/Vies-et-legendes.gif\"><img loading=\"lazy\" decoding=\"async\" class=\"alignleft size-medium wp-image-2333\" alt=\"Vies et legendes\" src=\"http:\/\/www.citeaux.org\/wp-content\/uploads\/2013\/11\/Vies-et-legendes-203x300.gif\" width=\"203\" height=\"300\" \/><br \/>\n<\/a><\/p>\n <form id='cartButtonForm_17' class=\"Cart66CartButton\" method=\"post\" action=\"http:\/\/www.citeaux.org\/store\/cart\/\" > <input type='hidden' name='task' id=\"task_17\" value='addToCart' \/> <input type='hidden' name='cart66ItemId' value='17' \/> <input type='hidden' name='product_url' value='http:\/\/www.citeaux.org\/de\/wp-json\/wp\/v2\/pages\/2539' \/> <span class=\"Cart66Price Cart66PriceBlock\"> <span class=\"Cart66PriceLabel\">Price: <\/span> <span class=\"Cart66CurrencySymbol Cart66CurrencySymbolbefore\">&euro;<\/span><span class=\"Cart66PreDecimal\">38<\/span><span class=\"Cart66DecimalSep\">.<\/span><span class=\"Cart66PostDecimal\">00<\/span><span class=\"Cart66CurrencySymbol Cart66CurrencySymbolAfter\"><\/span> <\/span> <span class=\"Cart66UserQuantity\"> <label for=\"Cart66UserQuantityInput_17\">Quantity: <\/label> <input id=\"Cart66UserQuantityInput_17\" name=\"item_quantity\" value=\"1\" size=\"4\"> <\/span> <input type='submit' value='Add to Cart' class='Cart66ButtonPrimary purAddToCart ajax-button' name='addToCart_17' id='addToCart_17' \/> <\/form>\n<\/div>\n<div id=\"clear\"><\/div>\n","protected":false},"excerpt":{"rendered":"<p>TEXTES ET DOCUMENTS VOL V Patrick ARABEYRE, Jacques BERLIOZ et Philippe POIRRIER (\u00e9ds.) Vies et l\u00e9gendes de Saint Bernard de Clairvaux. Cr\u00e9ation, diffusion, r\u00e9ception (XIIe-XXe si\u00e8cles). Actes des Rencontres de Dijon, 7-8 juin 1991 1993, 24 cm Table des mati\u00e8res Avant-propos par J.-F. Holthof A.-M. PIAZONNI, Le premier biographe de saint Bernard, Guillaume de Saint-Thierry. [&hellip;]<\/p>\n","protected":false},"author":1,"featured_media":0,"parent":0,"menu_order":0,"comment_status":"closed","ping_status":"closed","template":"","meta":{"footnotes":""},"_links":{"self":[{"href":"http:\/\/www.citeaux.org\/de\/wp-json\/wp\/v2\/pages\/2539"}],"collection":[{"href":"http:\/\/www.citeaux.org\/de\/wp-json\/wp\/v2\/pages"}],"about":[{"href":"http:\/\/www.citeaux.org\/de\/wp-json\/wp\/v2\/types\/page"}],"author":[{"embeddable":true,"href":"http:\/\/www.citeaux.org\/de\/wp-json\/wp\/v2\/users\/1"}],"replies":[{"embeddable":true,"href":"http:\/\/www.citeaux.org\/de\/wp-json\/wp\/v2\/comments?post=2539"}],"version-history":[{"count":2,"href":"http:\/\/www.citeaux.org\/de\/wp-json\/wp\/v2\/pages\/2539\/revisions"}],"predecessor-version":[{"id":2901,"href":"http:\/\/www.citeaux.org\/de\/wp-json\/wp\/v2\/pages\/2539\/revisions\/2901"}],"wp:attachment":[{"href":"http:\/\/www.citeaux.org\/de\/wp-json\/wp\/v2\/media?parent=2539"}],"curies":[{"name":"wp","href":"https:\/\/api.w.org\/{rel}","templated":true}]}}