{"id":2614,"date":"2013-07-26T16:05:31","date_gmt":"2013-07-26T16:05:31","guid":{"rendered":"http:\/\/www.citeaux.org\/?page_id=2614"},"modified":"2014-04-06T15:09:42","modified_gmt":"2014-04-06T15:09:42","slug":"les-plus-anciens-textes-de-citeaux-d","status":"publish","type":"page","link":"http:\/\/www.citeaux.org\/de\/les-plus-anciens-textes-de-citeaux-d\/","title":{"rendered":"Les plus anciens textes de C\u00eeteaux"},"content":{"rendered":"<div id=\"column1-wrap\">\n<div id=\"column1\">\n<p>STUDIA ET DOCUMENTA VOL II<\/p>\n<p><strong>Jean de la Croix BOUTON et Jean-Baptiste VAN DAMME<\/strong><\/p>\n<p><em>Les plus anciens textes de C\u00eeteaux<\/em><\/p>\n<p>1974, r\u00e9\u00e9dit\u00e9 en 1985, 152 p., 24 cm<\/p>\n<p>&nbsp;<\/p>\n<p><strong>Table des mati\u00e8res<\/strong><\/p>\n<p>Liminaire<br \/>\nIntroduction historique<br \/>\nLes sources:<br \/>\nA. Sources manuscrites<br \/>\nB. Sources imprim\u00e9es: \u00c9ditions &#8211; Traductions &#8211; \u00c9tudes<br \/>\nTable g\u00e9n\u00e9rale des manuscrits et des sigles<br \/>\nAbr\u00e9viations courantes<\/p>\n<p><strong>I. Exordium cisterciensis coenobii (exordium parvum)<\/strong><br \/>\nChronologie des manuscrits<br \/>\nTexte<\/p>\n<p><strong>II. Carta caritatis prior<\/strong><br \/>\nChronologie des manuscrits<br \/>\nTexte<br \/>\nLa bulle \u00abAd hoc in apostolicae\u00bb<\/p>\n<p><strong>III. Exordium cistercii, summa cartae caritatis et capitula<\/strong><br \/>\nChronologie des manuscrits<br \/>\nTexte<\/p>\n<p><strong>IV. Annexes<\/strong><br \/>\nAbbatiae Alpensis creatio<br \/>\nConcordia Molismensis<br \/>\nCarta prior et Carta posterior: texte combin\u00e9<br \/>\n\u00abApud Portum Ansillae\u00bb<br \/>\nTable onomastique<br \/>\nIndex des auteurs cit\u00e9s<br \/>\nTable des mati\u00e8res<\/p>\n<\/div>\n<\/div>\n<div id=\"column2\"><a href=\"http:\/\/www.citeaux.org\/wp-content\/uploads\/2013\/07\/Bouton+.gif\"><img loading=\"lazy\" decoding=\"async\" class=\"alignleft size-medium wp-image-2318\" alt=\"Bouton+\" src=\"http:\/\/www.citeaux.org\/wp-content\/uploads\/2013\/07\/Bouton+-197x300.gif\" width=\"197\" height=\"300\" \/><\/a><\/p>\n <form id='cartButtonForm_8' class=\"Cart66CartButton\" method=\"post\" action=\"http:\/\/www.citeaux.org\/store\/cart\/\" > <input type='hidden' name='task' id=\"task_8\" value='addToCart' \/> <input type='hidden' name='cart66ItemId' value='8' \/> <input type='hidden' name='product_url' value='http:\/\/www.citeaux.org\/de\/wp-json\/wp\/v2\/pages\/2614' \/> <span class=\"Cart66Price Cart66PriceBlock\"> <span class=\"Cart66PriceLabel\">Price: <\/span> <span class=\"Cart66CurrencySymbol Cart66CurrencySymbolbefore\">&euro;<\/span><span class=\"Cart66PreDecimal\">8<\/span><span class=\"Cart66DecimalSep\">.<\/span><span class=\"Cart66PostDecimal\">68<\/span><span class=\"Cart66CurrencySymbol Cart66CurrencySymbolAfter\"><\/span> <\/span> <span class=\"Cart66UserQuantity\"> <label for=\"Cart66UserQuantityInput_8\">Quantity: <\/label> <input id=\"Cart66UserQuantityInput_8\" name=\"item_quantity\" value=\"1\" size=\"4\"> <\/span> <input type='submit' value='Add to Cart' class='Cart66ButtonPrimary purAddToCart ajax-button' name='addToCart_8' id='addToCart_8' \/> <\/form>\n<\/div>\n<div id=\"clear\"><\/div>\n","protected":false},"excerpt":{"rendered":"<p>STUDIA ET DOCUMENTA VOL II Jean de la Croix BOUTON et Jean-Baptiste VAN DAMME Les plus anciens textes de C\u00eeteaux 1974, r\u00e9\u00e9dit\u00e9 en 1985, 152 p., 24 cm &nbsp; Table des mati\u00e8res Liminaire Introduction historique Les sources: A. Sources manuscrites B. Sources imprim\u00e9es: \u00c9ditions &#8211; Traductions &#8211; \u00c9tudes Table g\u00e9n\u00e9rale des manuscrits et des sigles [&hellip;]<\/p>\n","protected":false},"author":1,"featured_media":0,"parent":0,"menu_order":0,"comment_status":"closed","ping_status":"closed","template":"","meta":{"footnotes":""},"_links":{"self":[{"href":"http:\/\/www.citeaux.org\/de\/wp-json\/wp\/v2\/pages\/2614"}],"collection":[{"href":"http:\/\/www.citeaux.org\/de\/wp-json\/wp\/v2\/pages"}],"about":[{"href":"http:\/\/www.citeaux.org\/de\/wp-json\/wp\/v2\/types\/page"}],"author":[{"embeddable":true,"href":"http:\/\/www.citeaux.org\/de\/wp-json\/wp\/v2\/users\/1"}],"replies":[{"embeddable":true,"href":"http:\/\/www.citeaux.org\/de\/wp-json\/wp\/v2\/comments?post=2614"}],"version-history":[{"count":2,"href":"http:\/\/www.citeaux.org\/de\/wp-json\/wp\/v2\/pages\/2614\/revisions"}],"predecessor-version":[{"id":2892,"href":"http:\/\/www.citeaux.org\/de\/wp-json\/wp\/v2\/pages\/2614\/revisions\/2892"}],"wp:attachment":[{"href":"http:\/\/www.citeaux.org\/de\/wp-json\/wp\/v2\/media?parent=2614"}],"curies":[{"name":"wp","href":"https:\/\/api.w.org\/{rel}","templated":true}]}}