{"id":1121,"date":"2013-05-31T13:58:28","date_gmt":"2013-05-31T13:58:28","guid":{"rendered":"http:\/\/www.citeaux.org\/?page_id=1121"},"modified":"2021-08-22T10:40:54","modified_gmt":"2021-08-22T08:40:54","slug":"our-books","status":"publish","type":"page","link":"http:\/\/www.citeaux.org\/en\/our-books\/","title":{"rendered":"Our Books"},"content":{"rendered":"<p>In addition to the journal, <em>C\u00eeteaux \u2013 Commentarii cistercienses<\/em> publishes two collections of specialized works: <em>Studia et Documenta<\/em> and <em>Textes et Documents<\/em>.<\/p>\n<p style=\"text-align: center;\"><strong><em>STUDIA ET DOCUMENTA<\/em><br \/>\n<\/strong><\/p>\n<p>[avia_table]<\/p>\n<table border=\"0\" cellspacing=\"0\" cellpadding=\"0\">\n<tbody>\n<tr style=\"height: 24px;\">\n<td style=\"height: 24px;\" align=\"left\" valign=\"top\" width=\"32\">\n<div align=\"left\">No.<\/div>\n<\/td>\n<td style=\"height: 24px;\" align=\"left\" valign=\"top\" width=\"642\">\n<div align=\"left\">Title<\/div>\n<\/td>\n<td style=\"height: 24px;\" align=\"left\" valign=\"top\" width=\"363\">\n<div align=\"left\">Author\/Editor<\/div>\n<\/td>\n<\/tr>\n<tr style=\"height: 24px;\">\n<td style=\"height: 24px;\" align=\"left\" valign=\"top\">\n<div align=\"left\">XV<\/div>\n<\/td>\n<td style=\"height: 24px;\" align=\"left\" valign=\"top\">\n<div align=\"left\"><a title=\"The Library of the Abbey of La Trappe\" href=\"http:\/\/www.citeaux.org\/en\/the-library-of-the-abbey-of-la-trappe\/\">The Library of the Abbey of La Trappe<\/a><\/div>\n<\/td>\n<td style=\"height: 24px;\" align=\"left\" valign=\"top\">\n<div align=\"left\">David N. BELL<\/div>\n<\/td>\n<\/tr>\n<tr style=\"height: 48.4167px;\">\n<td style=\"height: 48.4167px;\" align=\"left\" valign=\"top\">\n<div align=\"left\">XIV<\/div>\n<\/td>\n<td style=\"height: 48.4167px;\" align=\"left\" valign=\"top\">\n<div align=\"left\"><a title=\"Sepulturae cistercienses\" href=\"http:\/\/www.citeaux.org\/en\/sepulturae-cistercienses-e\/\">Sepulturae cistercienses<\/a><\/div>\n<\/td>\n<td style=\"height: 48.4167px;\" align=\"left\" valign=\"top\">\n<div align=\"left\">Jackie H<small>ALL<\/small> and Christine K<small>RATZKE<\/small>, eds.<\/div>\n<\/td>\n<\/tr>\n<tr style=\"height: 24px;\">\n<td style=\"height: 24px;\" align=\"left\" valign=\"top\">\n<div align=\"left\">XIII<\/div>\n<\/td>\n<td style=\"height: 24px;\" align=\"left\" valign=\"top\">\n<div align=\"left\"><a title=\"Perspectives for an Architecture of Solitude\" href=\"http:\/\/www.citeaux.org\/en\/perspectives-for-an-architecture-of-solitude-e\/\">Perspectives for an Architecture of Solitude<\/a><\/div>\n<\/td>\n<td style=\"height: 24px;\" align=\"left\" valign=\"top\">\n<div align=\"left\">Terryl N. K<small>INDER<\/small>, ed.<\/div>\n<\/td>\n<\/tr>\n<tr style=\"height: 48px;\">\n<td style=\"height: 48px;\" align=\"left\" valign=\"top\">\n<div align=\"left\">XII*<\/div>\n<\/td>\n<td style=\"height: 48px;\" align=\"left\" valign=\"top\">\n<div align=\"left\"><a title=\"Twelfth-Century Statutes from the Cistercian General Chapter\" href=\"http:\/\/www.citeaux.org\/en\/twelfth-century-statutes-from-the-cistercian-general-chapter-e\/\">Twelfth-Century Statutes from the Cistercian General Chapter<\/a><\/div>\n<\/td>\n<td style=\"height: 48px;\" align=\"left\" valign=\"top\">\n<div align=\"left\">Chrysogonus W<small>ADDELL<\/small>, ed.<\/div>\n<\/td>\n<\/tr>\n<tr style=\"height: 72px;\">\n<td style=\"height: 72px;\" align=\"left\" valign=\"top\">\n<div align=\"left\">XI<\/div>\n<\/td>\n<td style=\"height: 72px;\" align=\"left\" valign=\"top\">\n<div align=\"left\"><a title=\"L\u2019abbaye de Villers-en-Brabant\" href=\"http:\/\/www.citeaux.org\/en\/labbaye-de-villers-en-brabant-e\/\">L&#8217;abbaye de Villers-en-Brabant: Construction, configuration et signification d&#8217;une abbaye cistercienne gothique<\/a><\/div>\n<\/td>\n<td style=\"height: 72px;\" align=\"left\" valign=\"top\">\n<div align=\"left\">Thomas C<small>OOMANS<\/small><\/div>\n<\/td>\n<\/tr>\n<tr style=\"height: 48px;\">\n<td style=\"height: 48px;\" align=\"left\" valign=\"top\">\n<div align=\"left\">X*<\/div>\n<\/td>\n<td style=\"height: 48px;\" align=\"left\" valign=\"top\">\n<div align=\"left\"><a title=\"Cistercian Lay Brothers\" href=\"http:\/\/www.citeaux.org\/en\/cistercian-lay-brothers-e\/\">Cistercian Lay Brothers. Twelfth-Century Usages with Related Texts<\/a><\/div>\n<\/td>\n<td style=\"height: 48px;\" align=\"left\" valign=\"top\">\n<div align=\"left\">Chrysogonus W<small>ADDELL<\/small>, ed.<\/div>\n<\/td>\n<\/tr>\n<tr style=\"height: 24px;\">\n<td style=\"height: 24px;\" align=\"left\" valign=\"top\">\n<div align=\"left\">IX*<\/div>\n<\/td>\n<td style=\"height: 24px;\" align=\"left\" valign=\"top\">\n<div align=\"left\"><a title=\"Narrative and Legislative Texts from Early C\u00eeteaux\" href=\"http:\/\/www.citeaux.org\/en\/narrative-and-legislative-texts-from-early-citeaux-e\/\">Narrative and Legislative Texts from Early C\u00eeteaux<\/a><\/div>\n<\/td>\n<td style=\"height: 24px;\" align=\"left\" valign=\"top\">\n<div align=\"left\">Chrysogonus W<small>ADDELL<\/small>, ed.<\/div>\n<\/td>\n<\/tr>\n<tr style=\"height: 48px;\">\n<td style=\"height: 48px;\" align=\"left\" valign=\"top\">\n<div align=\"left\">VIII<\/div>\n<\/td>\n<td style=\"height: 48px;\" align=\"left\" valign=\"top\">\n<div align=\"left\"><a title=\"Pour une histoire monumentale de l\u2019abbaye de C\u00eeteaux. 1098-1998\" href=\"http:\/\/www.citeaux.org\/en\/pour-une-histoire-monumentale-de-labbaye-de-citeaux-1098-1998-e\/\">Pour une histoire monumentale de l\u2019abbaye de C\u00eeteaux. 1098-1998<\/a><\/div>\n<\/td>\n<td style=\"height: 48px;\" align=\"left\" valign=\"top\">\n<div align=\"left\">Martine P<small>LOUVIER<\/small><br \/>\net Alain S<small>AINT<\/small>-D<small>ENIS<\/small>, \u00e9ds.<\/div>\n<\/td>\n<\/tr>\n<tr style=\"height: 24px;\">\n<td style=\"height: 24px;\" align=\"left\" valign=\"top\">\n<div align=\"left\">VII<\/div>\n<\/td>\n<td style=\"height: 24px;\" align=\"left\" valign=\"top\">\n<div align=\"left\"><a title=\"Le Grand Exorde de C\u00eeteaux\" href=\"http:\/\/www.citeaux.org\/en\/le-grand-exorde-de-citeaux-e\/\">Le Grand Exorde de C\u00eeteaux (Conrad d&#8217;Eberbach)<\/a><\/div>\n<\/td>\n<td style=\"height: 24px;\" align=\"left\" valign=\"top\">\n<div align=\"left\">Jacques B<small>ERLIOZ<\/small>, \u00e9d.<\/div>\n<\/td>\n<\/tr>\n<tr style=\"height: 48px;\">\n<td style=\"height: 48px;\" align=\"left\" valign=\"top\">\n<div align=\"left\">VI<\/div>\n<\/td>\n<td style=\"height: 48px;\" align=\"left\" valign=\"top\">\n<div align=\"left\"><a title=\"La r\u00e9forme cistercienne du plain-chant\" href=\"http:\/\/www.citeaux.org\/en\/la-reforme-cistercienne-du-plain-chant-e\/\">La r\u00e9forme cistercienne du plain-chant &#8211; \u00c9tude d&#8217;un trait\u00e9 th\u00e9orique<\/a><\/div>\n<\/td>\n<td style=\"height: 48px;\" align=\"left\" valign=\"top\">\n<div align=\"left\">Claire M<small>A\u00ceTRE<\/small><\/div>\n<\/td>\n<\/tr>\n<tr style=\"height: 24px;\">\n<td style=\"height: 24px;\" align=\"left\" valign=\"top\">\n<div align=\"left\">V<\/div>\n<\/td>\n<td style=\"height: 24px;\" align=\"left\" valign=\"top\">\n<div align=\"left\"><a title=\"Abb\u00e9 de Ranc\u00e9 \u2013 Correspondance\" href=\"http:\/\/www.citeaux.org\/en\/abbe-de-rance-correspondance-e\/\">Abb\u00e9 de Ranc\u00e9 \u2013 Correspondance (1642-1700)<\/a><\/div>\n<\/td>\n<td style=\"height: 24px;\" align=\"left\" valign=\"top\">\n<div align=\"left\">\u00e9d. par A. J. K<small>RAILSHEIMER<\/small><\/div>\n<\/td>\n<\/tr>\n<tr style=\"height: 48px;\">\n<td style=\"height: 48px;\" align=\"left\" valign=\"top\">\n<div align=\"left\">II<\/div>\n<\/td>\n<td style=\"height: 48px;\" align=\"left\" valign=\"top\">\n<div align=\"left\"><a title=\"Les plus anciens textes de C\u00eeteaux\" href=\"http:\/\/www.citeaux.org\/en\/les-plus-anciens-textes-de-citeaux-e\/\">Les plus anciens textes de C\u00eeteaux<\/a><\/div>\n<\/td>\n<td style=\"height: 48px;\" align=\"left\" valign=\"top\">\n<div align=\"left\">Jean de la Croix B<small>OUTON<\/small><br \/>\net Jean-Baptiste V<small>AN<\/small> D<small>AMME<\/small><\/div>\n<\/td>\n<\/tr>\n<tr style=\"height: 48px;\">\n<td style=\"height: 48px;\" align=\"left\" valign=\"top\">\n<div align=\"left\">I<\/div>\n<\/td>\n<td style=\"height: 48px;\" align=\"left\" valign=\"top\">\n<div align=\"left\"><a title=\"Recueil des chartes et documents de l\u2019abbaye du Val-Saint-Georges \u00e0 Salzinnes (Namur). 1196-1300\" href=\"http:\/\/www.citeaux.org\/en\/recueil-des-chartes-et-documents-de-labbaye-du-val-saint-georges-a-salzinnes-namur-1196-1300-e\/\">Recueil des chartes et documents de l&#8217;abbaye du Val-Saint-Georges \u00e0 Salzinnes (Namur). 1196-1300<\/a><\/div>\n<\/td>\n<td style=\"height: 48px;\" align=\"left\" valign=\"top\">\n<div align=\"left\">\u00c9mile B<small>ROUETTE<\/small><\/div>\n<\/td>\n<\/tr>\n<\/tbody>\n<\/table>\n<p>[\/avia_table]<\/p>\n<p style=\"text-align: left;\">* Volumes IX, X and XII may be purchased together for a special discount price.\u00a0 See the book pages for details.<\/p>\n<p>&nbsp;<\/p>\n<p style=\"text-align: center;\"><strong><em>TEXTES ET DOCUMENTS<\/em><br \/>\n<\/strong><\/p>\n<p>[avia_table]<\/p>\n<table border=\"0\" cellspacing=\"0\" cellpadding=\"0\">\n<tbody>\n<tr>\n<td align=\"left\" valign=\"top\" width=\"32\">\n<div align=\"left\">No.<\/div>\n<\/td>\n<td align=\"left\" valign=\"top\" width=\"642\">\n<div align=\"left\">Title<\/div>\n<\/td>\n<td align=\"left\" valign=\"top\" width=\"363\">\n<div align=\"left\">Author\/Editor<\/div>\n<\/td>\n<\/tr>\n<tr>\n<td align=\"left\" valign=\"top\">\n<div align=\"left\">VI<\/div>\n<\/td>\n<td align=\"left\" valign=\"top\">\n<div align=\"left\"><a title=\"R\u00e9formes et continuit\u00e9 dans l'Ordre de C\u00eeteaux. \u2028De l'\u00e9troite observance \u00e0 la stricte observance, \u2028Actes du Colloque Journ\u00e9es d'Histoire Monastique Saint-Mihiel 2-3 octobre 1992\" href=\"http:\/\/www.citeaux.org\/reformes-et-continuite-dans-lordre-de-citeaux-e\/\">R\u00e9formes et continuit\u00e9 dans l&#8217;Ordre de C\u00eeteaux. De l&#8217;\u00e9troite observance \u00e0 la stricte observance, \u2028Actes du Colloque Journ\u00e9es d&#8217;Histoire Monastique Saint-Mihiel 2-3 octobre 1992<\/a><\/div>\n<\/td>\n<td align=\"left\" valign=\"top\"><\/td>\n<\/tr>\n<tr>\n<td align=\"left\" valign=\"top\">\n<div align=\"left\">V<\/div>\n<\/td>\n<td align=\"left\" valign=\"top\">\n<div align=\"left\"><a title=\"Vies et l\u00e9gendes de Saint Bernard de Clairvaux. \u2028Cr\u00e9ation, diffusion, r\u00e9ception (XIIe-XXe si\u00e8cles). \u2028Actes des Rencontres de Dijon, 7-8 juin 1991\" href=\"http:\/\/www.citeaux.org\/en\/vies-et-legendes-de-saint-bernard-de-clairvaux-e\/\">Vies et l\u00e9gendes de Saint Bernard de Clairvaux. \u2028Cr\u00e9ation, diffusion, r\u00e9ception (XIIe-XXe si\u00e8cles). \u2028Actes des Rencontres de Dijon, 7-8 juin 1991<\/a><\/div>\n<\/td>\n<td align=\"left\" valign=\"top\">\n<div align=\"left\">\u00e9ds. Patrick A<small>RABEYRE<\/small>, Jacques B<small>ERLIOZ<\/small><br \/>\net Philippe P<small>OIRRIER<\/small><\/div>\n<\/td>\n<\/tr>\n<tr>\n<td align=\"left\" valign=\"top\">\n<div align=\"left\">III<\/div>\n<\/td>\n<td align=\"left\" valign=\"top\">\n<div align=\"left\"><a title=\"\u2028Monaci nella tormenta\u2028 ~ Moines dans la tourmente \u2028~ Monks in the Blizzard\" href=\"http:\/\/www.citeaux.org\/en\/monaci-nella-tormenta-e\/\">\u2028Monaci nella tormenta\u2028 ~ Moines dans la tourmente \u2028~ Monks in the Blizzard<\/a><\/div>\n<\/td>\n<td align=\"left\" valign=\"top\">\n<div align=\"left\">Paolino Beltrame Q<small>UATTROCHI<\/small><\/div>\n<\/td>\n<\/tr>\n<tr>\n<td align=\"left\" valign=\"top\">\n<div align=\"left\">II<\/div>\n<\/td>\n<td align=\"left\" valign=\"top\">\n<div align=\"left\"><a title=\"\u2028L'apog\u00e9e de l'art gothique\" href=\"http:\/\/www.citeaux.org\/en\/lapogee-de-lart-gothique-e\/\">\u2028L\u2019apog\u00e9e de l\u2019art gothique: l\u2019\u00e9glise abbatiale de Longpont et l\u2019architecture cistercienne au d\u00e9but du XIIIe si\u00e8cle<\/a><\/div>\n<\/td>\n<td align=\"left\" valign=\"top\">\n<div align=\"left\">Caroline Astrid B<small>RUZELIUS<\/small><\/div>\n<\/td>\n<\/tr>\n<\/tbody>\n<\/table>\n<p>[\/avia_table]<\/p>\n<p style=\"text-align: center;\"><strong><em>VARIA<\/em><br \/>\n<\/strong><\/p>\n<p>[avia_table]<\/p>\n<table style=\"height: 144px; width: 100%;\" border=\"0\" cellspacing=\"0\" cellpadding=\"0\">\n<tbody>\n<tr style=\"height: 24px;\">\n<td style=\"width: 28.23px; height: 24px;\" align=\"left\" valign=\"top\">\n<div align=\"left\">No.<\/div>\n<\/td>\n<td style=\"width: 581.92px; height: 24px;\" align=\"left\" valign=\"top\">\n<div align=\"left\">Title<\/div>\n<div align=\"left\"><\/div>\n<div align=\"left\"><a href=\"http:\/\/www.citeaux.org\/en\/benoit-e\/\">Les Cisterciens et l&#8217;eau.\u00a0 Hommage \u00e0 Paul Benoit<\/a><\/div>\n<\/td>\n<td style=\"width: 218.57px; height: 24px;\" align=\"left\" valign=\"top\">\n<div align=\"left\">Author\/Editor<\/div>\n<div align=\"left\"><\/div>\n<div align=\"left\">Benoit Rouzeau et<\/div>\n<div align=\"left\">Alexis Grelois<\/div>\n<div align=\"left\">C\u00eeteaux t.71, (1-4), 2020<\/div>\n<\/td>\n<\/tr>\n<tr style=\"height: 72px;\">\n<td style=\"width: 28.23px; height: 72px;\" align=\"left\" valign=\"top\"><\/td>\n<td style=\"width: 581.92px; height: 72px;\" align=\"left\" valign=\"top\">\n<div align=\"left\"><a href=\"http:\/\/www.citeaux.org\/en\/guillaume-e\/\">Guillaume de Saint-Thierry, de Li\u00e8ge au Mont-Dieu. (Actes du colloque &#8220;Guillaume de Saint-Thierry: histoire, th\u00e9ologie, spiritualit\u00e9&#8221; &#8211; 4-7 juin 2018, Reims-Saint-Thierry)<\/a><\/div>\n<\/td>\n<td style=\"width: 218.57px; height: 72px;\" align=\"left\" valign=\"top\">\n<div align=\"left\">Laurence Mellerin, r\u00e9dactrice invit\u00e9e<\/div>\n<div align=\"left\">C\u00eeteaux t.69, (1-4), 2018<\/div>\n<\/td>\n<\/tr>\n<tr style=\"height: 48px;\">\n<td style=\"width: 28.23px; height: 48px;\" align=\"left\" valign=\"top\"><\/td>\n<td style=\"width: 581.92px; height: 48px;\" align=\"left\" valign=\"top\">\n<div align=\"left\"><a title=\"\u2028Les cisterciens dans le royaume m\u00e9di\u00e9val de Boh\u00eame\" href=\"http:\/\/www.citeaux.org\/en\/les-cisterciens-dans-le-royaume-medieval-de-boheme-e\/\">\u2028Les cisterciens dans le royaume m\u00e9di\u00e9val de Boh\u00eame: Actes du colloque de Kutn\u00e1 Hora, 9-13 juin 1992<\/a><\/div>\n<\/td>\n<td style=\"width: 218.57px; height: 48px;\" align=\"left\" valign=\"top\">\n<div align=\"left\">C\u00eeteaux t.47, 1996<\/div>\n<\/td>\n<\/tr>\n<\/tbody>\n<\/table>\n<p>[\/avia_table]<\/p>\n","protected":false},"excerpt":{"rendered":"<p>In addition to the journal, C\u00eeteaux \u2013 Commentarii cistercienses publishes two collections of specialized works: Studia et Documenta and Textes et Documents. STUDIA ET DOCUMENTA [avia_table] No. Title Author\/Editor XV The Library of the Abbey of La Trappe David N. BELL XIV Sepulturae cistercienses Jackie HALL and Christine KRATZKE, eds. XIII Perspectives for an Architecture [&hellip;]<\/p>\n","protected":false},"author":1,"featured_media":0,"parent":0,"menu_order":0,"comment_status":"closed","ping_status":"closed","template":"","meta":{"footnotes":""},"_links":{"self":[{"href":"http:\/\/www.citeaux.org\/en\/wp-json\/wp\/v2\/pages\/1121"}],"collection":[{"href":"http:\/\/www.citeaux.org\/en\/wp-json\/wp\/v2\/pages"}],"about":[{"href":"http:\/\/www.citeaux.org\/en\/wp-json\/wp\/v2\/types\/page"}],"author":[{"embeddable":true,"href":"http:\/\/www.citeaux.org\/en\/wp-json\/wp\/v2\/users\/1"}],"replies":[{"embeddable":true,"href":"http:\/\/www.citeaux.org\/en\/wp-json\/wp\/v2\/comments?post=1121"}],"version-history":[{"count":14,"href":"http:\/\/www.citeaux.org\/en\/wp-json\/wp\/v2\/pages\/1121\/revisions"}],"predecessor-version":[{"id":3551,"href":"http:\/\/www.citeaux.org\/en\/wp-json\/wp\/v2\/pages\/1121\/revisions\/3551"}],"wp:attachment":[{"href":"http:\/\/www.citeaux.org\/en\/wp-json\/wp\/v2\/media?parent=1121"}],"curies":[{"name":"wp","href":"https:\/\/api.w.org\/{rel}","templated":true}]}}