{"id":1466,"date":"2013-07-26T16:17:08","date_gmt":"2013-07-26T16:17:08","guid":{"rendered":"http:\/\/www.citeaux.org\/?page_id=1466"},"modified":"2014-04-06T15:12:52","modified_gmt":"2014-04-06T15:12:52","slug":"recueil-des-chartes-et-documents-de-labbaye-du-val-saint-georges-a-salzinnes-namur-1196-1300-e","status":"publish","type":"page","link":"http:\/\/www.citeaux.org\/en\/recueil-des-chartes-et-documents-de-labbaye-du-val-saint-georges-a-salzinnes-namur-1196-1300-e\/","title":{"rendered":"Recueil des chartes et documents de l&#8217;abbaye du Val-Saint-Georges \u00e0 Salzinnes (Namur), 1196-1300"},"content":{"rendered":"<div id=\"column1-wrap\">\n<div id=\"column1\">\n<p>STUDIA ET DOCUMENTA VOL I<\/p>\n<p><strong>\u00c9mile BROUETTE<\/strong><\/p>\n<p><em>Recueil des Chartes et Documents de l&#8217;Abbaye du Val-Saint-Georges<br \/>\n\u00e0 Salzinnes (Namur), 1196\/7 &#8211; 1300<\/em><\/p>\n<p>Achel, 1971, 289 p., 24 cm.<\/p>\n<p>&nbsp;<\/p>\n<p><strong>Table des mati\u00e8res<\/strong><\/p>\n<p>Introduction<\/p>\n<p>Lin\u00e9ament historique<\/p>\n<p>Archivistique, diplomatique et sigillographie des documents<\/p>\n<p>Bibliographie<\/p>\n<p>Recueil des chartes et documents<\/p>\n<p>Tables<\/p>\n<p>Table g\u00e9n\u00e9rale des mati\u00e8res<\/p>\n<\/div>\n<\/div>\n<div id=\"column2\">\n<p><a href=\"http:\/\/www.citeaux.org\/wp-content\/uploads\/2013\/07\/Brouett+.gif\"><img loading=\"lazy\" decoding=\"async\" class=\"alignleft size-medium wp-image-2323\" alt=\"Brouett+\" src=\"http:\/\/www.citeaux.org\/wp-content\/uploads\/2013\/07\/Brouett+-195x300.gif\" width=\"195\" height=\"300\" \/><\/a><\/p>\n <form id='cartButtonForm_7' class=\"Cart66CartButton\" method=\"post\" action=\"http:\/\/www.citeaux.org\/store\/cart\/\" > <input type='hidden' name='task' id=\"task_7\" value='addToCart' \/> <input type='hidden' name='cart66ItemId' value='7' \/> <input type='hidden' name='product_url' value='http:\/\/www.citeaux.org\/en\/wp-json\/wp\/v2\/pages\/1466' \/> <span class=\"Cart66Price Cart66PriceBlock\"> <span class=\"Cart66PriceLabel\">Price: <\/span> <span class=\"Cart66CurrencySymbol Cart66CurrencySymbolbefore\">&euro;<\/span><span class=\"Cart66PreDecimal\">11<\/span><span class=\"Cart66DecimalSep\">.<\/span><span class=\"Cart66PostDecimal\">16<\/span><span class=\"Cart66CurrencySymbol Cart66CurrencySymbolAfter\"><\/span> <\/span> <span class=\"Cart66UserQuantity\"> <label for=\"Cart66UserQuantityInput_7\">Quantity: <\/label> <input id=\"Cart66UserQuantityInput_7\" name=\"item_quantity\" value=\"1\" size=\"4\"> <\/span> <input type='submit' value='Add to Cart' class='Cart66ButtonPrimary purAddToCart ajax-button' name='addToCart_7' id='addToCart_7' \/> <\/form>\n\n<\/div>\n<div id=\"clear\"><\/div>\n","protected":false},"excerpt":{"rendered":"<p>STUDIA ET DOCUMENTA VOL I \u00c9mile BROUETTE Recueil des Chartes et Documents de l&#8217;Abbaye du Val-Saint-Georges \u00e0 Salzinnes (Namur), 1196\/7 &#8211; 1300 Achel, 1971, 289 p., 24 cm. &nbsp; Table des mati\u00e8res Introduction Lin\u00e9ament historique Archivistique, diplomatique et sigillographie des documents Bibliographie Recueil des chartes et documents Tables Table g\u00e9n\u00e9rale des mati\u00e8res<\/p>\n","protected":false},"author":1,"featured_media":0,"parent":0,"menu_order":0,"comment_status":"closed","ping_status":"closed","template":"","meta":{"footnotes":""},"_links":{"self":[{"href":"http:\/\/www.citeaux.org\/en\/wp-json\/wp\/v2\/pages\/1466"}],"collection":[{"href":"http:\/\/www.citeaux.org\/en\/wp-json\/wp\/v2\/pages"}],"about":[{"href":"http:\/\/www.citeaux.org\/en\/wp-json\/wp\/v2\/types\/page"}],"author":[{"embeddable":true,"href":"http:\/\/www.citeaux.org\/en\/wp-json\/wp\/v2\/users\/1"}],"replies":[{"embeddable":true,"href":"http:\/\/www.citeaux.org\/en\/wp-json\/wp\/v2\/comments?post=1466"}],"version-history":[{"count":5,"href":"http:\/\/www.citeaux.org\/en\/wp-json\/wp\/v2\/pages\/1466\/revisions"}],"predecessor-version":[{"id":2896,"href":"http:\/\/www.citeaux.org\/en\/wp-json\/wp\/v2\/pages\/1466\/revisions\/2896"}],"wp:attachment":[{"href":"http:\/\/www.citeaux.org\/en\/wp-json\/wp\/v2\/media?parent=1466"}],"curies":[{"name":"wp","href":"https:\/\/api.w.org\/{rel}","templated":true}]}}