{"id":2575,"date":"2013-11-09T16:24:56","date_gmt":"2013-11-09T16:24:56","guid":{"rendered":"http:\/\/www.citeaux.org\/?page_id=2575"},"modified":"2014-04-06T15:21:03","modified_gmt":"2014-04-06T15:21:03","slug":"lapogee-de-lart-gothique-e","status":"publish","type":"page","link":"http:\/\/www.citeaux.org\/en\/lapogee-de-lart-gothique-e\/","title":{"rendered":"L&#8217;apog\u00e9e de l&#8217;art gothique: l&#8217;\u00e9glise abbatiale de Longpont"},"content":{"rendered":"<div id=\"column1-wrap\">\n<div id=\"column1\">\n<p>TEXTES ET DOCUMENTS VOL II<\/p>\n<p><strong>Caroline Astrid BRUZELIUS<\/strong><\/p>\n<p><em>L&#8217;apog\u00e9e de l&#8217;art gothique: l&#8217;\u00e9glise abbatiale de Longpont<\/em><br \/>\n<em> et l&#8217;architecture cistercienne au d\u00e9but du XIIIe si\u00e8cle<\/em><\/p>\n<p>1990, 207 p., 25 cm<\/p>\n<p>&nbsp;<\/p>\n<p><strong>Table des mati\u00e8res<\/strong><\/p>\n<p>Introduction<\/p>\n<p><strong>Premi\u00e8re partie: l&#8217;abbaye de Longpont<\/strong><\/p>\n<p>I. Fondation et historique<br \/>\nII. La premi\u00e8re \u00e9glise<br \/>\nIII. L&#8217;\u00e9glise du XIIe si\u00e8cle<br \/>\nIV. Le plan<br \/>\nV. L&#8217;\u00e9l\u00e9vation<br \/>\nVI. Volume et perspectives<\/p>\n<p><strong>Deuxi\u00e8me partie: Royaumont, Ourscamp, Vauclair et les abbayes apparent\u00e9es du XIIIe si<strong>\u00e8cle<\/strong><\/strong><\/p>\n<p>I. Royaumont<br \/>\nII. Ourscamp<br \/>\nIII. Vauclair et les \u00e9glises apparent\u00e9es<\/p>\n<p>Conclusion<\/p>\n<p>Annexe<\/p>\n<p>Bibliographie<\/p>\n<p>Planches<\/p>\n<\/div>\n<\/div>\n<div id=\"column2\">\n<p><a href=\"http:\/\/www.citeaux.org\/wp-content\/uploads\/2013\/11\/Bruzeli+.gif\"><img loading=\"lazy\" decoding=\"async\" class=\"alignleft size-medium wp-image-2364\" alt=\"Bruzeli+\" src=\"http:\/\/www.citeaux.org\/wp-content\/uploads\/2013\/11\/Bruzeli+-206x300.gif\" width=\"206\" height=\"300\" \/><\/a><br \/>\n&nbsp;<br \/>\n <form id='cartButtonForm_15' class=\"Cart66CartButton\" method=\"post\" action=\"http:\/\/www.citeaux.org\/store\/cart\/\" > <input type='hidden' name='task' id=\"task_15\" value='addToCart' \/> <input type='hidden' name='cart66ItemId' value='15' \/> <input type='hidden' name='product_url' value='http:\/\/www.citeaux.org\/en\/wp-json\/wp\/v2\/pages\/2575' \/> <span class=\"Cart66Price Cart66PriceBlock\"> <span class=\"Cart66PriceLabel\">Price: <\/span> <span class=\"Cart66CurrencySymbol Cart66CurrencySymbolbefore\">&euro;<\/span><span class=\"Cart66PreDecimal\">37<\/span><span class=\"Cart66DecimalSep\">.<\/span><span class=\"Cart66PostDecimal\">18<\/span><span class=\"Cart66CurrencySymbol Cart66CurrencySymbolAfter\"><\/span> <\/span> <span class=\"Cart66UserQuantity\"> <label for=\"Cart66UserQuantityInput_15\">Quantity: <\/label> <input id=\"Cart66UserQuantityInput_15\" name=\"item_quantity\" value=\"1\" size=\"4\"> <\/span> <input type='submit' value='Add to Cart' class='Cart66ButtonPrimary purAddToCart ajax-button' name='addToCart_15' id='addToCart_15' \/> <\/form>\n<\/p>\n<\/div>\n<div id=\"clear\"><\/div>\n","protected":false},"excerpt":{"rendered":"<p>TEXTES ET DOCUMENTS VOL II Caroline Astrid BRUZELIUS L&#8217;apog\u00e9e de l&#8217;art gothique: l&#8217;\u00e9glise abbatiale de Longpont et l&#8217;architecture cistercienne au d\u00e9but du XIIIe si\u00e8cle 1990, 207 p., 25 cm &nbsp; Table des mati\u00e8res Introduction Premi\u00e8re partie: l&#8217;abbaye de Longpont I. Fondation et historique II. La premi\u00e8re \u00e9glise III. L&#8217;\u00e9glise du XIIe si\u00e8cle IV. Le plan [&hellip;]<\/p>\n","protected":false},"author":1,"featured_media":0,"parent":0,"menu_order":0,"comment_status":"closed","ping_status":"closed","template":"","meta":{"footnotes":""},"_links":{"self":[{"href":"http:\/\/www.citeaux.org\/en\/wp-json\/wp\/v2\/pages\/2575"}],"collection":[{"href":"http:\/\/www.citeaux.org\/en\/wp-json\/wp\/v2\/pages"}],"about":[{"href":"http:\/\/www.citeaux.org\/en\/wp-json\/wp\/v2\/types\/page"}],"author":[{"embeddable":true,"href":"http:\/\/www.citeaux.org\/en\/wp-json\/wp\/v2\/users\/1"}],"replies":[{"embeddable":true,"href":"http:\/\/www.citeaux.org\/en\/wp-json\/wp\/v2\/comments?post=2575"}],"version-history":[{"count":3,"href":"http:\/\/www.citeaux.org\/en\/wp-json\/wp\/v2\/pages\/2575\/revisions"}],"predecessor-version":[{"id":2908,"href":"http:\/\/www.citeaux.org\/en\/wp-json\/wp\/v2\/pages\/2575\/revisions\/2908"}],"wp:attachment":[{"href":"http:\/\/www.citeaux.org\/en\/wp-json\/wp\/v2\/media?parent=2575"}],"curies":[{"name":"wp","href":"https:\/\/api.w.org\/{rel}","templated":true}]}}